{"id":51,"date":"2013-02-14T22:31:36","date_gmt":"2013-02-14T21:31:36","guid":{"rendered":"http:\/\/sonne-fuer-gerechtigkeit.de\/?page_id=51"},"modified":"2013-02-15T18:56:30","modified_gmt":"2013-02-15T17:56:30","slug":"hausbauprojekt","status":"publish","type":"page","link":"http:\/\/sonne-fuer-gerechtigkeit.de\/?page_id=51","title":{"rendered":"Hausbauprojekt"},"content":{"rendered":"<p><a href=\"http:\/\/sonne-fuer-gerechtigkeit.de\/wp-content\/uploads\/2013\/02\/ctitel.jpg\"><img loading=\"lazy\" decoding=\"async\" class=\"aligncenter size-large wp-image-62\" title=\"Hausbauprojekt in Indien - Sonne f\u00fcr Gerechtigkeit\" src=\"http:\/\/sonne-fuer-gerechtigkeit.de\/wp-content\/uploads\/2013\/02\/ctitel-1024x408.jpg\" alt=\"\" width=\"584\" height=\"232\" srcset=\"http:\/\/sonne-fuer-gerechtigkeit.de\/wp-content\/uploads\/2013\/02\/ctitel-1024x408.jpg 1024w, http:\/\/sonne-fuer-gerechtigkeit.de\/wp-content\/uploads\/2013\/02\/ctitel-300x119.jpg 300w, http:\/\/sonne-fuer-gerechtigkeit.de\/wp-content\/uploads\/2013\/02\/ctitel-500x199.jpg 500w, http:\/\/sonne-fuer-gerechtigkeit.de\/wp-content\/uploads\/2013\/02\/ctitel.jpg 1600w\" sizes=\"auto, (max-width: 584px) 100vw, 584px\" \/><\/a>Durch den Stromverkauf unterst\u00fctzen wir das Hausbauprojekt in Indien der katholischen Kirchengemeinde Christus-K\u00f6nig, Gemen. Hier erfahren Sie alles Wichtige \u00fcber das Hausbauprojekt.<\/p>\n<p>UNSER KONTAKT &#8211; IHRE SICHERHEIT<br \/>\n<a href=\"http:\/\/sonne-fuer-gerechtigkeit.de\/wp-content\/uploads\/2013\/02\/c03.jpg\"><img loading=\"lazy\" decoding=\"async\" class=\"aligncenter size-large wp-image-64\" title=\"Hausbauprojekt in Indien - Sonne f\u00fcr Gerechtigkeit e. V.\" src=\"http:\/\/sonne-fuer-gerechtigkeit.de\/wp-content\/uploads\/2013\/02\/c03-1024x409.jpg\" alt=\"\" width=\"584\" height=\"233\" srcset=\"http:\/\/sonne-fuer-gerechtigkeit.de\/wp-content\/uploads\/2013\/02\/c03-1024x409.jpg 1024w, http:\/\/sonne-fuer-gerechtigkeit.de\/wp-content\/uploads\/2013\/02\/c03-300x120.jpg 300w, http:\/\/sonne-fuer-gerechtigkeit.de\/wp-content\/uploads\/2013\/02\/c03-500x200.jpg 500w, http:\/\/sonne-fuer-gerechtigkeit.de\/wp-content\/uploads\/2013\/02\/c03.jpg 1535w\" sizes=\"auto, (max-width: 584px) 100vw, 584px\" \/><\/a>Durch gute Kontakte und regelm\u00e4\u00dfige Besucht erfahren wir immer wieder von der Projektentwicklung in Indien. Zuletzt berichtete uns Prof. Dr. Joseph Mundakathil aus Indien bei einem Begegnugstreffen im Alten Kloster \u00fcber aktuelle Entwicklungen und Projekterfolge. Bisher konnten durch Gemener Unterst\u00fctzung 42 H\u00e4user gebaut werden.<\/p>\n<p>HILFE ZUR SELBSTHILFE<br \/>\n<a href=\"http:\/\/sonne-fuer-gerechtigkeit.de\/wp-content\/uploads\/2013\/02\/c02.jpg\"><img loading=\"lazy\" decoding=\"async\" class=\"aligncenter size-large wp-image-65\" title=\"Hausbauprojekt in Indien - Sonne f\u00fcr Gerechtigkeit e. V.\" src=\"http:\/\/sonne-fuer-gerechtigkeit.de\/wp-content\/uploads\/2013\/02\/c02-1024x408.jpg\" alt=\"\" width=\"584\" height=\"232\" srcset=\"http:\/\/sonne-fuer-gerechtigkeit.de\/wp-content\/uploads\/2013\/02\/c02-1024x408.jpg 1024w, http:\/\/sonne-fuer-gerechtigkeit.de\/wp-content\/uploads\/2013\/02\/c02-300x119.jpg 300w, http:\/\/sonne-fuer-gerechtigkeit.de\/wp-content\/uploads\/2013\/02\/c02-500x199.jpg 500w, http:\/\/sonne-fuer-gerechtigkeit.de\/wp-content\/uploads\/2013\/02\/c02.jpg 1600w\" sizes=\"auto, (max-width: 584px) 100vw, 584px\" \/><\/a>Da Jemand in Indien nur eine (Gelegenheits-) Arbeit erh\u00e4lt, wenn er einen festen Wohnsitz nachweisen kann, ist es f\u00fcr die arme Bev\u00f6lkerung besonders wichtig, ein festes Haus zu besitzen. Um diese Bed\u00fcrftigen zu unterst\u00fctzen wurde, das Hausbauprojekt entwickelt. Von der \u00f6rtlichen Pfarrgemeinde in Indien werden Bed\u00fcrftige ausgesucht und beim Bau eines kleinen Hauses unterst\u00fctzt.<\/p>\n<p>FINANZIERUNG &amp; DURCHF\u00dcHRUNG<br \/>\n<a href=\"http:\/\/sonne-fuer-gerechtigkeit.de\/wp-content\/uploads\/2013\/02\/c01.jpg\"><img loading=\"lazy\" decoding=\"async\" class=\"aligncenter size-large wp-image-66\" title=\"Hausbauprojekt in Indien - Sonne f\u00fcr Gerechtigkeit e. V.\" src=\"http:\/\/sonne-fuer-gerechtigkeit.de\/wp-content\/uploads\/2013\/02\/c01-1024x409.jpg\" alt=\"\" width=\"584\" height=\"233\" srcset=\"http:\/\/sonne-fuer-gerechtigkeit.de\/wp-content\/uploads\/2013\/02\/c01-1024x409.jpg 1024w, http:\/\/sonne-fuer-gerechtigkeit.de\/wp-content\/uploads\/2013\/02\/c01-300x119.jpg 300w, http:\/\/sonne-fuer-gerechtigkeit.de\/wp-content\/uploads\/2013\/02\/c01-500x199.jpg 500w, http:\/\/sonne-fuer-gerechtigkeit.de\/wp-content\/uploads\/2013\/02\/c01.jpg 1412w\" sizes=\"auto, (max-width: 584px) 100vw, 584px\" \/><\/a>Je 1.000 Euro Spenden aus Gemen werden durch die \u00f6rtlichen Beh\u00f6rden um weitere 1.000 Euro aufgestockt. Von diesem Geld werden die Baumaterialien beschafft. Das letzte Drittel der Gesamtbausumme von ca. 3.000 Euro erbringt die Familie meist durch Eigenleistungen. Hierdurch wird sichergestellt, dass das Haus auf Dauer pfleglich behandelt und in Stand gehalten wird. Das Haus besteht meist aus zwei Zimmern, einer Veranda und einem WC mit Kl\u00e4rgrube.<\/p>\n","protected":false},"excerpt":{"rendered":"<p>Durch den Stromverkauf unterst\u00fctzen wir das Hausbauprojekt in Indien der katholischen Kirchengemeinde Christus-K\u00f6nig, Gemen. Hier erfahren Sie alles Wichtige \u00fcber das Hausbauprojekt. UNSER KONTAKT &#8211; IHRE SICHERHEIT Durch gute Kontakte&#8230; <a class=\"read-more\" href=\"http:\/\/sonne-fuer-gerechtigkeit.de\/?page_id=51\">[Weiterlesen]<\/a><\/p>\n","protected":false},"author":1,"featured_media":0,"parent":0,"menu_order":2,"comment_status":"closed","ping_status":"closed","template":"","meta":{"footnotes":""},"class_list":["post-51","page","type-page","status-publish","hentry","no-post-thumbnail"],"_links":{"self":[{"href":"http:\/\/sonne-fuer-gerechtigkeit.de\/index.php?rest_route=\/wp\/v2\/pages\/51","targetHints":{"allow":["GET"]}}],"collection":[{"href":"http:\/\/sonne-fuer-gerechtigkeit.de\/index.php?rest_route=\/wp\/v2\/pages"}],"about":[{"href":"http:\/\/sonne-fuer-gerechtigkeit.de\/index.php?rest_route=\/wp\/v2\/types\/page"}],"author":[{"embeddable":true,"href":"http:\/\/sonne-fuer-gerechtigkeit.de\/index.php?rest_route=\/wp\/v2\/users\/1"}],"replies":[{"embeddable":true,"href":"http:\/\/sonne-fuer-gerechtigkeit.de\/index.php?rest_route=%2Fwp%2Fv2%2Fcomments&post=51"}],"version-history":[{"count":8,"href":"http:\/\/sonne-fuer-gerechtigkeit.de\/index.php?rest_route=\/wp\/v2\/pages\/51\/revisions"}],"predecessor-version":[{"id":142,"href":"http:\/\/sonne-fuer-gerechtigkeit.de\/index.php?rest_route=\/wp\/v2\/pages\/51\/revisions\/142"}],"wp:attachment":[{"href":"http:\/\/sonne-fuer-gerechtigkeit.de\/index.php?rest_route=%2Fwp%2Fv2%2Fmedia&parent=51"}],"curies":[{"name":"wp","href":"https:\/\/api.w.org\/{rel}","templated":true}]}}